{"id":9226,"date":"2025-01-16T08:13:36","date_gmt":"2025-01-16T07:13:36","guid":{"rendered":"https:\/\/breitband-altmark.de\/cms\/?page_id=9226"},"modified":"2025-07-07T08:56:28","modified_gmt":"2025-07-07T06:56:28","slug":"gigabit2","status":"publish","type":"page","link":"https:\/\/breitband-altmark.de\/cms\/ausbau-2\/gigabit2\/","title":{"rendered":"Gigabit2"},"content":{"rendered":"<p><section class=\"ffb-id-1o98bhh6 fg-section fg-text-dark\"><div class=\"fg-container container fg-container-large fg-container-lvl--1 \"><div class=\"fg-row row    \" ><div class=\"ffb-id-1o98bhh7 fg-col col-xs-12 col-md-12 fg-text-dark\"><h1 class=\"ffb-id-89posjbq fg-heading text-center    h2 fg-text-dark\">Gigabitausbau gem\u00e4\u00df Gigabit-Richtlinie 2.0 des Bundesministeriums f\u00fcr Digitales und Verkehr<\/h1><\/div><\/div><\/div><\/section><style>.ffb-id-1o98bhh6{ padding-top: 20px;}.ffb-id-1o98bhh7{ padding-bottom: 30px;}<\/style><script type=\"text\/javascript\"><\/script><section class=\"ffb-id-24vdtss2 fg-section fg-text-dark\"><div class=\"fg-container container fg-container-large fg-container-lvl--1 \"><div class=\"fg-row row    \" ><div class=\"ffb-id-24vdtss3 fg-col col-xs-12 col-md-6 fg-text-dark\"><\/div><div class=\"ffb-id-24vdtss4 fg-col col-xs-12 col-md-6 fg-text-dark\"><\/div><\/div><\/div><\/section><style>.ffb-id-1o98bhh6{ \npadding-top: 20px;\n\n}\n.ffb-id-1o98bhh7{ \npadding-bottom: 30px;\n\n}\n<\/style><script type=\"text\/javascript\"><\/script><div class=\"ffb-id-1us94sa6 fg-text-dark\"><iframe loading=\"lazy\" width=\"100%\" height=\"700px\" frameborder=\"0\" allowfullscreen allow=\"geolocation\" src=\"\/\/umap.openstreetmap.de\/de\/map\/zba-graue-flecken-2024_79955?scaleControl=false&miniMap=false&scrollWheelZoom=false&zoomControl=true&editMode=disabled&moreControl=true&searchControl=null&tilelayersControl=null&embedControl=null&datalayersControl=true&onLoadPanel=none&captionBar=false&captionMenus=true\" aria-label=\"OpenStreetMap ZBA graue Flecken 2024\"><\/iframe><p><a href=\"\/\/umap.openstreetmap.de\/de\/map\/zba-graue-flecken-2024_79955?scaleControl=false&miniMap=false&scrollWheelZoom=true&zoomControl=true&editMode=disabled&moreControl=true&searchControl=null&tilelayersControl=null&embedControl=null&datalayersControl=true&onLoadPanel=none&captionBar=false&captionMenus=true\">Vollbildanzeige<\/a><\/p><\/div><style><\/style><script type=\"text\/javascript\"><\/script><\/p>\n","protected":false},"excerpt":{"rendered":"","protected":false},"author":5,"featured_media":0,"parent":2525,"menu_order":0,"comment_status":"closed","ping_status":"closed","template":"","meta":{"footnotes":""},"class_list":["post-9226","page","type-page","status-publish","hentry","post-wrapper"],"meta_box":[],"_links":{"self":[{"href":"https:\/\/breitband-altmark.de\/cms\/wp-json\/wp\/v2\/pages\/9226","targetHints":{"allow":["GET"]}}],"collection":[{"href":"https:\/\/breitband-altmark.de\/cms\/wp-json\/wp\/v2\/pages"}],"about":[{"href":"https:\/\/breitband-altmark.de\/cms\/wp-json\/wp\/v2\/types\/page"}],"author":[{"embeddable":true,"href":"https:\/\/breitband-altmark.de\/cms\/wp-json\/wp\/v2\/users\/5"}],"replies":[{"embeddable":true,"href":"https:\/\/breitband-altmark.de\/cms\/wp-json\/wp\/v2\/comments?post=9226"}],"version-history":[{"count":9,"href":"https:\/\/breitband-altmark.de\/cms\/wp-json\/wp\/v2\/pages\/9226\/revisions"}],"predecessor-version":[{"id":9314,"href":"https:\/\/breitband-altmark.de\/cms\/wp-json\/wp\/v2\/pages\/9226\/revisions\/9314"}],"up":[{"embeddable":true,"href":"https:\/\/breitband-altmark.de\/cms\/wp-json\/wp\/v2\/pages\/2525"}],"wp:attachment":[{"href":"https:\/\/breitband-altmark.de\/cms\/wp-json\/wp\/v2\/media?parent=9226"}],"curies":[{"name":"wp","href":"https:\/\/api.w.org\/{rel}","templated":true}]}}