{"id":5339,"date":"2020-04-17T12:07:58","date_gmt":"2020-04-17T10:07:58","guid":{"rendered":"https:\/\/breitband-altmark.de\/cms\/?page_id=5339"},"modified":"2025-07-07T13:07:25","modified_gmt":"2025-07-07T11:07:25","slug":"projektgebiet-3","status":"publish","type":"page","link":"https:\/\/breitband-altmark.de\/cms\/ausbau-2\/projektgebiet-3\/","title":{"rendered":"PG 3"},"content":{"rendered":"\r\n<div class=\"wp-block-columns is-layout-flex wp-container-core-columns-is-layout-9d6595d7 wp-block-columns-is-layout-flex\">\r\n<div class=\"wp-block-column is-layout-flow wp-block-column-is-layout-flow\" style=\"flex-basis: 66.66%;\">\r\n<h1 class=\"h4 wp-block-heading\"><strong>Projektgebiet 3<\/strong><\/h1>\r\n\r\n\r\n\r\n<p>Orte in und aus den Gemeinden Apenburg-Winterfeld, Beetzendorf, D\u00e4hre, Diesdorf, Gardelegen, J\u00fcbar, Kl\u00f6tze (ohne Stadt), Kuhfelde, Rohrberg, Wallstawe.<\/p>\r\n<p><img loading=\"lazy\" decoding=\"async\" class=\"alignleft size-full wp-image-6144\" src=\"https:\/\/breitband-altmark.de\/cms\/wp-content\/uploads\/2021\/12\/Homepage-Ausbaugebiete_PG3.png\" alt=\"\" width=\"1786\" height=\"1194\" \/><\/p>\r\n\r\n\r\n\r\n\r\n\r\n<h2 class=\"h4 wp-block-heading\">Ansprechpartner<\/h2>\r\n\r\n\r\n\r\n<p>Projektleiter:<strong> Henning Kipp<\/strong><\/p>\r\n\r\n\r\n\r\n<p>Projektmitarbeiter: <strong>Christian Pospiech + Mona Schulz<\/strong><\/p>\r\n\r\n\r\n\r\n<p>Projektassistenz: <strong>Corinna Lahmann<\/strong><\/p>\r\n<\/div>\r\n\r\n\r\n\r\n<div class=\"wp-block-column is-layout-flow wp-block-column-is-layout-flow\" style=\"flex-basis: 33.33%;\">\r\n<\/div>\r\n\r\n\r\n","protected":false},"excerpt":{"rendered":"<p>Projektgebiet 3 Orte in und aus den Gemeinden Apenburg-Winterfeld, Beetzendorf, D\u00e4hre, Diesdorf, Gardelegen, J\u00fcbar, Kl\u00f6tze (ohne Stadt), Kuhfelde, Rohrberg, Wallstawe. Ansprechpartner Projektleiter: Henning Kipp Projektmitarbeiter: Christian Pospiech + Mona Schulz Projektassistenz: Corinna Lahmann<\/p>\n","protected":false},"author":5,"featured_media":0,"parent":2525,"menu_order":0,"comment_status":"closed","ping_status":"closed","template":"","meta":{"footnotes":""},"class_list":["post-5339","page","type-page","status-publish","hentry","post-wrapper"],"meta_box":[],"_links":{"self":[{"href":"https:\/\/breitband-altmark.de\/cms\/wp-json\/wp\/v2\/pages\/5339","targetHints":{"allow":["GET"]}}],"collection":[{"href":"https:\/\/breitband-altmark.de\/cms\/wp-json\/wp\/v2\/pages"}],"about":[{"href":"https:\/\/breitband-altmark.de\/cms\/wp-json\/wp\/v2\/types\/page"}],"author":[{"embeddable":true,"href":"https:\/\/breitband-altmark.de\/cms\/wp-json\/wp\/v2\/users\/5"}],"replies":[{"embeddable":true,"href":"https:\/\/breitband-altmark.de\/cms\/wp-json\/wp\/v2\/comments?post=5339"}],"version-history":[{"count":18,"href":"https:\/\/breitband-altmark.de\/cms\/wp-json\/wp\/v2\/pages\/5339\/revisions"}],"predecessor-version":[{"id":9351,"href":"https:\/\/breitband-altmark.de\/cms\/wp-json\/wp\/v2\/pages\/5339\/revisions\/9351"}],"up":[{"embeddable":true,"href":"https:\/\/breitband-altmark.de\/cms\/wp-json\/wp\/v2\/pages\/2525"}],"wp:attachment":[{"href":"https:\/\/breitband-altmark.de\/cms\/wp-json\/wp\/v2\/media?parent=5339"}],"curies":[{"name":"wp","href":"https:\/\/api.w.org\/{rel}","templated":true}]}}