{"id":5306,"date":"2020-04-17T11:12:53","date_gmt":"2020-04-17T09:12:53","guid":{"rendered":"https:\/\/breitband-altmark.de\/cms\/?page_id=5306"},"modified":"2025-07-07T08:39:44","modified_gmt":"2025-07-07T06:39:44","slug":"projektgebiete-uebersicht","status":"publish","type":"page","link":"https:\/\/breitband-altmark.de\/cms\/ausbau-2\/projektgebiete-uebersicht\/","title":{"rendered":"Projektbeschreibung"},"content":{"rendered":"\r\n<h1 class=\"h2 wp-block-heading\">Projektbeschreibung<\/h1>\r\n\r\n\r\n\r\n<p><strong>Pr\u00e4ambel:\u00a0<\/strong><\/p>\r\n<p>Der Zweckverband Breitband Altmark (ZBA) verfolgt die Strategie, die insbesondere dezentral gelegenen und unterversorgten Orte der 4.700 Quadratkilometer gro\u00dfen Altmark mit einem zukunftsf\u00e4higen und fl\u00e4chendeckenden Glasfasernetz zu erschlie\u00dfen.<\/p>\r\n<p>Als Zweckverband ist der ZBA ein Zusammenschluss 22 kommunaler Gebietsk\u00f6rperschaften zur Erledigung der festgesetzten Aufgabe der Erschlie\u00dfung des Zweckverbandsgebietes mit Breitbandinternetanschl\u00fcssen. Damit bew\u00e4ltigen die Mitglieder des ZBA gemeinschaftlich die Aufgabe der Daseinsvorsorge der Internetinfrastrukturentwicklung in der Altmark.<\/p>\r\n<p><strong>Ziele:<\/strong><\/p>\r\n<p>Ziel des Vorhabens ist die Altmark mit einer zukunftsfesten und nachhaltigen Breitbandinfrastruktur auszubauen. Den Ausbau realisiert der Zweckverband Breitband Altmark (ZBA). \u00a0Damit werden der Wirtschaft, den Kommunen und seinen B\u00fcrgern ein Netz \u00fcbergeben, welches den aktuellen und zuk\u00fcnftigen Anforderungen der Digitalisierung entspricht. Die Altmark als Region soll mit der Umsetzung lebenswert und attraktiv gehalten werden.<\/p>\r\n<p>Das Netz wird durch den ZBA gebaut und an einen privaten IT-Netzbetreiber verpachtet, der den Kunden Internetdienstleistungen anbietet.(Betreibermodell)<\/p>\r\n<p>F\u00fcr jeden angeschlossenen Kunden erh\u00e4lt der ZBA eine Pacht, die zur Refinanzierung der Investitionskosten dient (Eigenmittel).<\/p>\r\n<p>Ziel ist das Vorhaben bis Ende 2022 umgesetzt zu haben.<\/p>\r\n<p>&nbsp;<\/p>\r\n<p><strong>Technik:<\/strong><\/p>\r\n<p>Das Projekt wird \u00a0ausschlie\u00dflich durch<strong> Nutzung von Glasfaser vom Anfang bis zum Ende der Leitung<\/strong> realisiert. Dabei werden in jedes angeschlossene Geb\u00e4ude mindestens sechs Glasfasern verlegt (Homes Connected). Auf einer Faser sind momentan <strong>theoretisch bis zu 10GBit\/s m\u00f6glich<\/strong>. Kunden des Netzbetreibers des ZBA erhalten im Moment einen Anschluss mit<strong> 500 MBit\/s Fernsehen, Internet und Telefonie inklusive<\/strong>. Jedes nicht angeschlossene Geb\u00e4ude erh\u00e4lt einen reservierten Anschluss direkt vor dem Geb\u00e4ude im \u00f6ffentlichen Raum. (Homes Passed).<\/p>\r\n<p>Netzbetreiber ist die DNS:NET Internetservice GmbH (<a href=\"http:\/\/www.altmark-netz.de\">http:\/\/www.altmark-netz.de<\/a>)<\/p>\r\n<p>&nbsp;<\/p>\r\n<p><strong>F\u00f6rderung:<\/strong><\/p>\r\n<p>Zur Umsetzung des Vorhabens wurden Bundes- und Landesf\u00f6rdermittel beantragt. Die Umsetzung der Bundesbreitbandf\u00f6rderung \u00fcbernimmt seit 01.05.2022 die PricewaterhouseCoopers GmbH (pwc) Wirtschaftspr\u00fcfungsgesellschaft aus Berlin im Auftrag des Bundesministeriums f\u00fcr Digitales und Verkehr. (<a href=\"https:\/\/gigabit-projekttraeger.de\/\">http:\/\/www.gigabit-projekttraeger.de\/<\/a>) Weitere Informationen zum Bundesf\u00f6rderprogramm Breitband finden Sie auf den Seiten des Bundesministeriums f\u00fcr Digitales und Verkehr. (<a href=\"https:\/\/www.bmvi.de\/DE\/Home\/home.html\">https:\/\/www.bmvi.de\/DE\/Home\/home.html<\/a>) Die Landesbreitbandf\u00f6rderung wird von der Investitionsbank Sachsen-Anhalt als Projekttr\u00e4ger verwaltet. (<a href=\"http:\/\/www.ib-sachsen-anhalt.de\">http:\/\/www.ib-sachsen-anhalt.de<\/a>)<\/p>\r\n<p>Der <strong>Bund<\/strong> f\u00f6rdert das Vorhaben mit <strong>ca. 115,6 Mio. \u20ac<\/strong> Zuschuss. <strong>Damit ist das Projekt das gr\u00f6\u00dfte l\u00e4ndlich gef\u00f6rderte Breitbandprojekt Deutschlands!<\/strong><\/p>\r\n\r\n\r\n\r\n<p>Das <strong>Land Sachsen-Anhalt<\/strong> f\u00f6rdert das Vorhaben mit <strong>ca. 24,8 Mio. \u20ac<\/strong>.\u00a0<\/p>\r\n<p>Die F\u00f6rderung aus beiden F\u00f6rdert\u00f6pfen erfolgt im Abrufverfahren. Der ZBA vorverauslagt die Kosten des Ausbaus und stellt nach begleichen der Rechnung Antr\u00e4ge auf Auszahlung der F\u00f6rdermittel.<\/p>\r\n<p>&nbsp;<\/p>\r\n<p lang=\"de\"><strong>Umsetzung:<\/strong><\/p>\r\n<p lang=\"de\">Das Gebiet des Vorhabens ist in drei einzelne Projektgebiete aufgeteilt. (Siehe Karte)<\/p>\r\n<p lang=\"de\">Jedes der Projektgebiete wird separat durch Projektleiter des ZBA betreut. Zus\u00e4tzlich wurden europaweit Breitband-Projektplaner ausgeschrieben, die die Planung der Netzinfrastruktur professionell umsetzen.\u00a0<\/p>\r\n<p lang=\"de\">Aus der Planung entstand ein Netz, welches die einzelnen Projektgebiete nochmals unterteilt in jeweils f\u00fcnf Ausbaubereiche.<\/p>\r\n<p lang=\"de\">Die somit entstandenen<strong> 15 Ausbaubereiche<\/strong> werden seit 2020 nacheinander europaweit ausgeschrieben und der Ausbau beginnt unverz\u00fcglich nach jeder Ausschreibung mit der Beauftragung des jeweiligen wirtschaftlichsten Angebotes.<\/p>\r\n<p lang=\"de\">\u00a0<\/p>\r\n<p lang=\"de\"><strong>Ergebnisse: (bisher)<\/strong><\/p>\r\n<p lang=\"de\">Die bisherigen Ausschreibungsergebnisse zeigen ein reges Interesse des Marktes am Breitbandausbau. (Siehe Tabelle)<\/p>\r\n<p lang=\"de\">\n<table id=\"tablepress-23\" class=\"tablepress tablepress-id-23\">\n<thead>\n<tr class=\"row-1\">\n\t<th class=\"column-1\">Projektgebiet<\/th><th class=\"column-2\">Bauabschnitt 1<\/th><th class=\"column-3\">Bauabschnitt 2<\/th><th class=\"column-4\">Bauabschnitt 3<\/th><th class=\"column-5\">Bauabschnitt 4<\/th><th class=\"column-6\">Bauabschnitt 5<\/th>\n<\/tr>\n<\/thead>\n<tbody class=\"row-striping row-hover\">\n<tr class=\"row-2\">\n\t<td class=\"column-1\"><\/td><td class=\"column-2\"><\/td><td class=\"column-3\"><\/td><td class=\"column-4\"><\/td><td class=\"column-5\"><\/td><td class=\"column-6\"><\/td>\n<\/tr>\n<tr class=\"row-3\">\n\t<td class=\"column-1\">PG 1 <\/td><td class=\"column-2\">Tangerm\u00fcnde<\/td><td class=\"column-3\">Osterburg \/ Arneburg-Goldbeck<\/td><td class=\"column-4\">Klietz \/ Wust<\/td><td class=\"column-5\">Tangerh\u00fctte \/ Goldbeck<\/td><td class=\"column-6\">Havelberg<\/td>\n<\/tr>\n<tr class=\"row-4\">\n\t<td class=\"column-1\">Angebote<\/td><td class=\"column-2\">16<\/td><td class=\"column-3\">11<\/td><td class=\"column-4\">13<\/td><td class=\"column-5\">18<\/td><td class=\"column-6\">15<\/td>\n<\/tr>\n<tr class=\"row-5\">\n\t<td class=\"column-1\">Zuschlag<\/td><td class=\"column-2\">ARGE Rober Bau GmbH<\/td><td class=\"column-3\">Punzel Tief- und Stra\u00dfenbau GmbH<\/td><td class=\"column-4\">Aytac Bau GmbH<\/td><td class=\"column-5\">Rober Bau GmbH \/ Wiesensee GmbH<\/td><td class=\"column-6\">Infratech Bau GmbH<\/td>\n<\/tr>\n<tr class=\"row-6\">\n\t<td class=\"column-1\"><\/td><td class=\"column-2\"><\/td><td class=\"column-3\"><\/td><td class=\"column-4\"><\/td><td class=\"column-5\"><\/td><td class=\"column-6\"><\/td>\n<\/tr>\n<tr class=\"row-7\">\n\t<td class=\"column-1\">PG 2<\/td><td class=\"column-2\">Bismark-Nordost \/ Kalbe-Nordost<\/td><td class=\"column-3\">Arendsee Ost \/ Seehausen West<\/td><td class=\"column-4\">Darnewitz \/ Badingen<\/td><td class=\"column-5\">Arendsee Nord \/ Seehausen Os<\/td><td class=\"column-6\">Vienau \/ Zethlingen <\/td>\n<\/tr>\n<tr class=\"row-8\">\n\t<td class=\"column-1\">Angebote<\/td><td class=\"column-2\">16<\/td><td class=\"column-3\">11<\/td><td class=\"column-4\">13<\/td><td class=\"column-5\">14<\/td><td class=\"column-6\">15<\/td>\n<\/tr>\n<tr class=\"row-9\">\n\t<td class=\"column-1\">Zuschlag<\/td><td class=\"column-2\">Infratech Bau GmbH<\/td><td class=\"column-3\">Aytac Bau GmbH<\/td><td class=\"column-4\">Aytac Bau GmbH<\/td><td class=\"column-5\">Knack Rohrvortrieb GmbH<\/td><td class=\"column-6\">Wiesensee GmbH &amp; Co. KG<\/td>\n<\/tr>\n<tr class=\"row-10\">\n\t<td class=\"column-1\"><\/td><td class=\"column-2\"><\/td><td class=\"column-3\"><\/td><td class=\"column-4\"><\/td><td class=\"column-5\"><\/td><td class=\"column-6\"><\/td>\n<\/tr>\n<tr class=\"row-11\">\n\t<td class=\"column-1\">PG 3<\/td><td class=\"column-2\">Apenburg \/ Winterfeld<\/td><td class=\"column-3\">Ellenberg \/ Haselhorst<\/td><td class=\"column-4\">Immekath \/ Jeggau<\/td><td class=\"column-5\">Sachau \/ Ipse <\/td><td class=\"column-6\">Hemstedt<\/td>\n<\/tr>\n<tr class=\"row-12\">\n\t<td class=\"column-1\">Angebote<\/td><td class=\"column-2\">16<\/td><td class=\"column-3\">14<\/td><td class=\"column-4\">15<\/td><td class=\"column-5\">12<\/td><td class=\"column-6\">18<\/td>\n<\/tr>\n<tr class=\"row-13\">\n\t<td class=\"column-1\">Zuschlag<\/td><td class=\"column-2\">Infratech Bau GmbH<\/td><td class=\"column-3\">Kuhlmann Leitungsbau GmbH<\/td><td class=\"column-4\">Infratech Bau GmbH<\/td><td class=\"column-5\">Punzel Tief- und Stra\u00dfenbau GmbH<\/td><td class=\"column-6\">Infratech Bau GmbH<\/td>\n<\/tr>\n<\/tbody>\n<\/table>\n<!-- #tablepress-23 from cache --><\/p>\r\n<p lang=\"de\">\u00a0<\/p>\r\n\r\n\r\n\r\n<p><strong><span class=\"has-inline-color has-luminous-vivid-orange-color\">Projektgebiet 1<\/span><\/strong>\u00a0(Landkreis Stendal):<\/p>\r\n\r\n\r\n\r\n<p>Orte in und aus den Gemeinden Eichstedt, Goldbeck, Hassel, Havelberg (ohne Stadt), Hohenberg-Krusemark, Kamern, Klietz, Osterburg(Ohne Stadt), Rochau, Schollene, Sch\u00f6nhausen (ohne Stadt), Tangerh\u00fctte (ohne Stadt), Tangerm\u00fcnde (ohne Stadt), Wust-Fischbeck.<\/p>\r\n\r\n\r\n\r\n<p><strong><a href=\"https:\/\/breitband-altmark.de\/cms\/ausbau-2\/projektgebiet-1\/\">Zu den einzelnen Netzbereichen des Projektgebiet 1 (Klick)<\/a><\/strong><\/p>\r\n\r\n\r\n<hr class=\"wp-block-separator\" \/>\r\n\r\n\r\n<p><strong><span class=\"has-inline-color\" style=\"color: #eeea67;\">Projektgebiet 2<\/span><\/strong>\u00a0\u00a0(Altmarkkreis Salzwedel und Landkreis Stendal):\u00a0<\/p>\r\n\r\n\r\n\r\n<p>Orte in und aus den Gemeinden Arendsee (ohne Stadt), Kalbe, Aland, Altm\u00e4rkische H\u00f6he, Altm\u00e4rkische Wische, Bismark, Iden, Seehausen, Werben, Zehrental.<\/p>\r\n\r\n\r\n\r\n<p><strong><a href=\"https:\/\/breitband-altmark.de\/cms\/ausbau-2\/projektgebiet-2\/\">Zu den einzelnen Netzbereichen des Projektgebiet 2 (Klick)<\/a><\/strong><\/p>\r\n\r\n\r\n<hr class=\"wp-block-separator\" \/>\r\n\r\n\r\n<p><strong><span class=\"has-inline-color has-vivid-green-cyan-color\">Projektgebiet 3\u00a0<\/span><\/strong>\u00a0(Altmarkkreis Salzwedel):<\/p>\r\n\r\n\r\n\r\n<p>Orte in und aus den Gemeinden Apenburg-Winterfeld, Beetzendorf, D\u00e4hre, Diesdorf, Gardelegen, J\u00fcbar, Kl\u00f6tze (ohne Stadt), Kuhfelde, Rohrberg, Wallstawe.<\/p>\r\n\r\n\r\n\r\n<p><strong><a href=\"https:\/\/breitband-altmark.de\/cms\/ausbau-2\/projektgebiet-3\/\">Zu den einzelnen Netzbereichen des Projektgebiet 3 (Klick)<\/a><\/strong><\/p>\r\n\r\n\r\n<hr class=\"wp-block-separator\" \/>\r\n\r\n\r\n<p><strong>In Zahlen<\/strong><\/p>\r\n\r\n\r\n\r\n<p>2.300 km Tiefbau<\/p>\r\n\r\n\r\n\r\n<p>ca. 20.000 Anschl\u00fcsse (maximale Ausbaustufe ca. 30.000)<\/p>\r\n\r\n\r\n\r\n<figure class=\"wp-block-image size-large\"><img loading=\"lazy\" decoding=\"async\" width=\"1024\" height=\"788\" class=\"wp-image-4621\" src=\"https:\/\/breitband-altmark.de\/cms\/wp-content\/uploads\/2019\/08\/Altmark-1024x788.png\" alt=\"\" srcset=\"https:\/\/breitband-altmark.de\/cms\/wp-content\/uploads\/2019\/08\/Altmark-1024x788.png 1024w, https:\/\/breitband-altmark.de\/cms\/wp-content\/uploads\/2019\/08\/Altmark-300x231.png 300w, https:\/\/breitband-altmark.de\/cms\/wp-content\/uploads\/2019\/08\/Altmark-768x591.png 768w, https:\/\/breitband-altmark.de\/cms\/wp-content\/uploads\/2019\/08\/Altmark.png 1122w\" sizes=\"auto, (max-width: 1024px) 100vw, 1024px\" \/><\/figure>\r\n\r\n\r\n\r\n<p>&nbsp;<\/p>\r\n\r\n\r\n\r\n<p>&nbsp;<\/p>\r\n","protected":false},"excerpt":{"rendered":"<p>Projektbeschreibung Pr\u00e4ambel:\u00a0 Der Zweckverband Breitband Altmark (ZBA) verfolgt die Strategie, die insbesondere dezentral gelegenen und unterversorgten Orte der 4.700 Quadratkilometer gro\u00dfen Altmark mit einem zukunftsf\u00e4higen und fl\u00e4chendeckenden Glasfasernetz zu erschlie\u00dfen. Als Zweckverband ist der ZBA ein Zusammenschluss 22 kommunaler Gebietsk\u00f6rperschaften zur Erledigung der festgesetzten Aufgabe der Erschlie\u00dfung des Zweckverbandsgebietes mit Breitbandinternetanschl\u00fcssen. Damit bew\u00e4ltigen die Mitglieder [&hellip;]<\/p>\n","protected":false},"author":5,"featured_media":0,"parent":2525,"menu_order":0,"comment_status":"closed","ping_status":"closed","template":"","meta":{"footnotes":""},"class_list":["post-5306","page","type-page","status-publish","hentry","post-wrapper"],"meta_box":[],"_links":{"self":[{"href":"https:\/\/breitband-altmark.de\/cms\/wp-json\/wp\/v2\/pages\/5306","targetHints":{"allow":["GET"]}}],"collection":[{"href":"https:\/\/breitband-altmark.de\/cms\/wp-json\/wp\/v2\/pages"}],"about":[{"href":"https:\/\/breitband-altmark.de\/cms\/wp-json\/wp\/v2\/types\/page"}],"author":[{"embeddable":true,"href":"https:\/\/breitband-altmark.de\/cms\/wp-json\/wp\/v2\/users\/5"}],"replies":[{"embeddable":true,"href":"https:\/\/breitband-altmark.de\/cms\/wp-json\/wp\/v2\/comments?post=5306"}],"version-history":[{"count":33,"href":"https:\/\/breitband-altmark.de\/cms\/wp-json\/wp\/v2\/pages\/5306\/revisions"}],"predecessor-version":[{"id":9311,"href":"https:\/\/breitband-altmark.de\/cms\/wp-json\/wp\/v2\/pages\/5306\/revisions\/9311"}],"up":[{"embeddable":true,"href":"https:\/\/breitband-altmark.de\/cms\/wp-json\/wp\/v2\/pages\/2525"}],"wp:attachment":[{"href":"https:\/\/breitband-altmark.de\/cms\/wp-json\/wp\/v2\/media?parent=5306"}],"curies":[{"name":"wp","href":"https:\/\/api.w.org\/{rel}","templated":true}]}}