{"id":5304,"date":"2020-04-16T10:02:16","date_gmt":"2020-04-16T08:02:16","guid":{"rendered":"https:\/\/breitband-altmark.de\/cms\/?page_id=5304"},"modified":"2025-07-07T09:41:08","modified_gmt":"2025-07-07T07:41:08","slug":"projektgebiet-1","status":"publish","type":"page","link":"https:\/\/breitband-altmark.de\/cms\/ausbau-2\/projektgebiet-1\/","title":{"rendered":"PG 1"},"content":{"rendered":"\r\n<div class=\"wp-block-columns is-layout-flex wp-container-core-columns-is-layout-9d6595d7 wp-block-columns-is-layout-flex\">\r\n<div class=\"wp-block-column is-layout-flow wp-block-column-is-layout-flow\" style=\"flex-basis: 66.66%;\">\r\n<h1 class=\"h4 wp-block-heading\"><strong>Projektgebiet 1<\/strong><\/h1>\r\n\r\n\r\n\r\n<p>Orte in und aus den Gemeinden Eichstedt, Goldbeck, Hassel, Havelberg (ohne Stadt), Hohenberg-Krusemark, Kamern, Klietz, Osterburg (ohne Stadt), Rochau, Schollene, Sch\u00f6nhausen (ohne Stadt), Tangerh\u00fctte (ohne Stadt), Tangerm\u00fcnde (ohne Stadt), Wust-Fischbeck.<\/p>\r\n<p><img loading=\"lazy\" decoding=\"async\" class=\"alignleft size-full wp-image-6139\" src=\"https:\/\/breitband-altmark.de\/cms\/wp-content\/uploads\/2021\/12\/Homepage-Ausbaugebiete_PG1.png\" alt=\"\" width=\"1786\" height=\"1194\" \/><\/p>\r\n\r\n\r\n\r\n\r\n\r\n<h2 class=\"h4 wp-block-heading\">Ansprechpartner<\/h2>\r\n\r\n\r\n\r\n<p>Projektleiter: <strong>Ronald Haag<\/strong><\/p>\r\n\r\n\r\n\r\n<p>Projektmitarbeiter: <strong>Andy M\u00fcller<\/strong><\/p>\r\n<\/div>\r\n\r\n\r\n\r\n<div class=\"wp-block-column is-layout-flow wp-block-column-is-layout-flow\" style=\"flex-basis: 33.33%;\">\r\n<h2 class=\"h4 wp-block-heading\">Aktuelle Neuigkeiten<\/h2>\r\n\r\n\r\n<ul class=\"wp-block-latest-posts__list has-dates wp-block-latest-posts\"><li><a class=\"wp-block-latest-posts__post-title\" href=\"https:\/\/breitband-altmark.de\/cms\/gemeinsam-vernetzt-breitbandprojekte-uebergeben\/\">GEMEINSAM VERNETZT:  Breitbandprojekte \u00fcbergeben<\/a><time datetime=\"2025-09-08T16:03:21+02:00\" class=\"wp-block-latest-posts__post-date\">8. September 2025<\/time><\/li>\n<li><a class=\"wp-block-latest-posts__post-title\" href=\"https:\/\/breitband-altmark.de\/cms\/neue-stellenausschreibungen\/\">neue Stellenausschreibungen<\/a><time datetime=\"2023-11-01T08:48:42+01:00\" class=\"wp-block-latest-posts__post-date\">1. November 2023<\/time><\/li>\n<li><a class=\"wp-block-latest-posts__post-title\" href=\"https:\/\/breitband-altmark.de\/cms\/kontrollmessungen-in-den-zba-projektgebieten-1-000-mbit-s-sind-bestaetigt\/\">KONTROLLMESSUNGEN IN DEN ZBA-PROJEKTGEBIETEN - 1.000 Mbit\/s sind best\u00e4tigt -<\/a><time datetime=\"2023-09-15T14:38:34+02:00\" class=\"wp-block-latest-posts__post-date\">15. September 2023<\/time><\/li>\n<li><a class=\"wp-block-latest-posts__post-title\" href=\"https:\/\/breitband-altmark.de\/cms\/der-zweckverband-breitband-altmark-zieht-um-anfang-juli-2023-neuer-hauptsitz\/\">DER ZWECKVERBAND BREITBAND ALTMARK ZIEHT UM - Anfang Juli 2023 neuer Hauptsitz -<\/a><time datetime=\"2023-06-23T22:43:42+02:00\" class=\"wp-block-latest-posts__post-date\">23. Juni 2023<\/time><\/li>\n<li><a class=\"wp-block-latest-posts__post-title\" href=\"https:\/\/breitband-altmark.de\/cms\/fuehrungswechsel-beim-zweckverband-breitband-altmark-landraete-und-weitere-mitglieder-des-hauptausschusses-begruessen-den-neuen-geschaeftsfuehrer\/\">F\u00dcHRUNGSWECHSEL BEIM ZWECKVERBAND BREITBAND ALTMARK - Landr\u00e4te und weitere Mitglieder des Hauptausschusses begr\u00fc\u00dfen den neuen Gesch\u00e4ftsf\u00fchrer -<\/a><time datetime=\"2023-03-31T12:27:55+02:00\" class=\"wp-block-latest-posts__post-date\">31. M\u00e4rz 2023<\/time><\/li>\n<\/ul>\r\n\r\n<hr class=\"wp-block-separator\" \/>\r\n\r\n\r\n<h2 class=\"h4 wp-block-heading\">Kennzahlen<\/h2>\r\n\r\n\r\n\r\n<p>Erschlie\u00dfbare Adressen: <strong>6.931<\/strong><\/p>\r\n\r\n\r\n\r\n<p>Bauabschnitte: <strong>5<\/strong><\/p>\r\n\r\n\r\n\r\n<p>Technik: <strong>Glasfaser bis ins Haus mit mindestens 6 Fasern pro Anschluss<\/strong><\/p>\r\n\r\n\r\n<hr class=\"wp-block-separator\" \/>\r\n\r\n\r\n<h2 class=\"h4 wp-block-heading\">Bauabschnitte<\/h2>\r\n\r\n\r\n\r\n<ol class=\"wp-block-list\">\r\n<li><a href=\"https:\/\/breitband-altmark.de\/cms\/ausbau-2\/projektgebiet-1\/Bauabschnitt-1\/\">Tangerm\u00fcnde (Klick)<\/a><\/li>\r\n<li><a href=\"https:\/\/breitband-altmark.de\/cms\/ausbau-2\/projektgebiet-1\/Bauabschnitt-2\/\">Osterburg \/ Arneburg-Goldbeck (Klick)<\/a><\/li>\r\n<li><a href=\"https:\/\/breitband-altmark.de\/cms\/ausbau-2\/projektgebiet-1\/Bauabschnitt-3\/\">Klietz \/ Wust (Klick)<\/a><\/li>\r\n<li>\r\n<ol>\r\n<li><a href=\"https:\/\/breitband-altmark.de\/cms\/ausbau-2\/projektgebiet-1\/Bauabschnitt-4-2\/\">Tangerh\u00fctte (Klick)<\/a><\/li>\r\n<li><a href=\"https:\/\/breitband-altmark.de\/cms\/ausbau-2\/projektgebiet-1\/Bauabschnitt-4-1\/\">Goldbeck (Klick)<\/a><\/li>\r\n<\/ol>\r\n<\/li>\r\n<li><a href=\"https:\/\/breitband-altmark.de\/cms\/ausbau-2\/projektgebiet-1\/Bauabschnitt-5\/\">Havelberg \/ Schollene<\/a><\/li>\r\n<\/ol>\r\n<\/div>\r\n<\/div>\r\n","protected":false},"excerpt":{"rendered":"<p>Projektgebiet 1 Orte in und aus den Gemeinden Eichstedt, Goldbeck, Hassel, Havelberg (ohne Stadt), Hohenberg-Krusemark, Kamern, Klietz, Osterburg (ohne Stadt), Rochau, Schollene, Sch\u00f6nhausen (ohne Stadt), Tangerh\u00fctte (ohne Stadt), Tangerm\u00fcnde (ohne Stadt), Wust-Fischbeck. Ansprechpartner Projektleiter: Ronald Haag Projektmitarbeiter: Andy M\u00fcller Aktuelle Neuigkeiten Kennzahlen Erschlie\u00dfbare Adressen: 6.931 Bauabschnitte: 5 Technik: Glasfaser bis ins Haus mit mindestens 6 [&hellip;]<\/p>\n","protected":false},"author":5,"featured_media":0,"parent":2525,"menu_order":0,"comment_status":"closed","ping_status":"closed","template":"","meta":{"footnotes":""},"class_list":["post-5304","page","type-page","status-publish","hentry","post-wrapper"],"meta_box":[],"_links":{"self":[{"href":"https:\/\/breitband-altmark.de\/cms\/wp-json\/wp\/v2\/pages\/5304","targetHints":{"allow":["GET"]}}],"collection":[{"href":"https:\/\/breitband-altmark.de\/cms\/wp-json\/wp\/v2\/pages"}],"about":[{"href":"https:\/\/breitband-altmark.de\/cms\/wp-json\/wp\/v2\/types\/page"}],"author":[{"embeddable":true,"href":"https:\/\/breitband-altmark.de\/cms\/wp-json\/wp\/v2\/users\/5"}],"replies":[{"embeddable":true,"href":"https:\/\/breitband-altmark.de\/cms\/wp-json\/wp\/v2\/comments?post=5304"}],"version-history":[{"count":47,"href":"https:\/\/breitband-altmark.de\/cms\/wp-json\/wp\/v2\/pages\/5304\/revisions"}],"predecessor-version":[{"id":9317,"href":"https:\/\/breitband-altmark.de\/cms\/wp-json\/wp\/v2\/pages\/5304\/revisions\/9317"}],"up":[{"embeddable":true,"href":"https:\/\/breitband-altmark.de\/cms\/wp-json\/wp\/v2\/pages\/2525"}],"wp:attachment":[{"href":"https:\/\/breitband-altmark.de\/cms\/wp-json\/wp\/v2\/media?parent=5304"}],"curies":[{"name":"wp","href":"https:\/\/api.w.org\/{rel}","templated":true}]}}